{"id":27,"date":"2018-11-14T15:18:44","date_gmt":"2018-11-14T14:18:44","guid":{"rendered":"http:\/\/martazbiblioteki.pl\/?page_id=27"},"modified":"2020-04-26T12:17:17","modified_gmt":"2020-04-26T10:17:17","slug":"o-mnie","status":"publish","type":"page","link":"https:\/\/martazbiblioteki.pl\/index.php\/o-mnie\/","title":{"rendered":"O mnie"},"content":{"rendered":"<p style=\"text-align: center;\">&#8222;Nie b\u00f3j si\u0119 marzy\u0107 marzenie niesie do gwiazd&#8221;- Je\u015bli do g\u0142owy pe\u0142nej marze\u0144 dodasz wsparcie bliskich i przyjaci\u00f3\u0142,<br \/>\nrozmowy z czytelnikami, a tak\u017ce ze szczerze kibicuj\u0105cymi kobietami to musi powsta\u0107 co\u015b czego skrycie si\u0119 pragnie.<\/p>\n<p style=\"text-align: center;\">Zapraszam Was na mojego autorskiego bloga. Znajdziecie tutaj opowie\u015bci o ksi\u0105\u017ckach dla dzieci, m\u0142odzie\u017cy, doros\u0142ych.<br \/>\nA tak\u017ce inspiracje, wskaz\u00f3wki, kt\u00f3re na pewno pomog\u0105 zarazi\u0107 mi\u0142o\u015bci\u0105 do czytania Wasze dzieci.<\/p>\n<p style=\"text-align: center;\">W marcu tego roku nak\u0142adem wydawnictwa BIS ukaza\u0142a si\u0119 moja debiutancka ksi\u0105\u017cka dla dzieci i m\u0142odzie\u017cy pt Nasz azyl.<\/p>\n<p style=\"text-align: center;\">Jestem Marta z biblioteki i zapraszam Was mojego \u015bwiata. Z zawodu jestem animatork\u0105 kultury i bibliotekark\u0105. \u0141\u0105cz\u0119 prace z pasj\u0105. Wejd\u017acie i\u00a0 zosta\u0144cie ze mn\u0105 na d\u0142u\u017cej.<\/p>\n<p>&nbsp;<\/p>\n<p>&nbsp;<\/p>\n<p>&nbsp;<\/p>\n<p><img loading=\"lazy\" class=\"aligncenter wp-image-366 size-large\" src=\"https:\/\/martazbiblioteki.pl\/wp-content\/uploads\/2020\/03\/19-1024x683.jpg\" alt=\"\" width=\"640\" height=\"427\" srcset=\"https:\/\/martazbiblioteki.pl\/wp-content\/uploads\/2020\/03\/19-1024x683.jpg 1024w, https:\/\/martazbiblioteki.pl\/wp-content\/uploads\/2020\/03\/19-300x200.jpg 300w, https:\/\/martazbiblioteki.pl\/wp-content\/uploads\/2020\/03\/19-768x512.jpg 768w, https:\/\/martazbiblioteki.pl\/wp-content\/uploads\/2020\/03\/19-1536x1024.jpg 1536w, https:\/\/martazbiblioteki.pl\/wp-content\/uploads\/2020\/03\/19-2048x1365.jpg 2048w\" sizes=\"(max-width: 640px) 100vw, 640px\" \/><\/p>\n<p>&nbsp;<\/p>\n<p><img loading=\"lazy\" class=\"wp-image-386 size-large\" src=\"https:\/\/martazbiblioteki.pl\/wp-content\/uploads\/2020\/04\/DSC08791-1024x679.jpg\" alt=\"\" width=\"640\" height=\"424\" srcset=\"https:\/\/martazbiblioteki.pl\/wp-content\/uploads\/2020\/04\/DSC08791-1024x679.jpg 1024w, https:\/\/martazbiblioteki.pl\/wp-content\/uploads\/2020\/04\/DSC08791-300x199.jpg 300w, https:\/\/martazbiblioteki.pl\/wp-content\/uploads\/2020\/04\/DSC08791-768x509.jpg 768w, https:\/\/martazbiblioteki.pl\/wp-content\/uploads\/2020\/04\/DSC08791-1536x1019.jpg 1536w, https:\/\/martazbiblioteki.pl\/wp-content\/uploads\/2020\/04\/DSC08791-2048x1359.jpg 2048w\" sizes=\"(max-width: 640px) 100vw, 640px\" \/><\/p>\n<p>&nbsp;<\/p>\n<p><img loading=\"lazy\" class=\"aligncenter wp-image-388 size-full\" src=\"https:\/\/martazbiblioteki.pl\/wp-content\/uploads\/2020\/04\/87575501_2854703601242326_1969780746222567424_o.jpg\" alt=\"\" width=\"960\" height=\"960\" srcset=\"https:\/\/martazbiblioteki.pl\/wp-content\/uploads\/2020\/04\/87575501_2854703601242326_1969780746222567424_o.jpg 960w, https:\/\/martazbiblioteki.pl\/wp-content\/uploads\/2020\/04\/87575501_2854703601242326_1969780746222567424_o-300x300.jpg 300w, https:\/\/martazbiblioteki.pl\/wp-content\/uploads\/2020\/04\/87575501_2854703601242326_1969780746222567424_o-150x150.jpg 150w, https:\/\/martazbiblioteki.pl\/wp-content\/uploads\/2020\/04\/87575501_2854703601242326_1969780746222567424_o-768x768.jpg 768w\" sizes=\"(max-width: 960px) 100vw, 960px\" \/><\/p>\n<p>&nbsp;<\/p>\n","protected":false},"excerpt":{"rendered":"<p>&#8222;Nie b\u00f3j si\u0119 marzy\u0107 marzenie niesie do gwiazd&#8221;- Je\u015bli do g\u0142owy pe\u0142nej marze\u0144 dodasz wsparcie bliskich i przyjaci\u00f3\u0142, rozmowy z czytelnikami, a tak\u017ce ze szczerze kibicuj\u0105cymi kobietami to musi powsta\u0107 co\u015b czego skrycie si\u0119 pragnie. Zapraszam Was na mojego autorskiego bloga. Znajdziecie tutaj opowie\u015bci o ksi\u0105\u017ckach dla dzieci, m\u0142odzie\u017cy, doros\u0142ych. A tak\u017ce inspiracje, wskaz\u00f3wki, kt\u00f3re &hellip; <\/p>\n","protected":false},"author":1,"featured_media":0,"parent":0,"menu_order":0,"comment_status":"closed","ping_status":"closed","template":"","meta":[],"_links":{"self":[{"href":"https:\/\/martazbiblioteki.pl\/index.php\/wp-json\/wp\/v2\/pages\/27"}],"collection":[{"href":"https:\/\/martazbiblioteki.pl\/index.php\/wp-json\/wp\/v2\/pages"}],"about":[{"href":"https:\/\/martazbiblioteki.pl\/index.php\/wp-json\/wp\/v2\/types\/page"}],"author":[{"embeddable":true,"href":"https:\/\/martazbiblioteki.pl\/index.php\/wp-json\/wp\/v2\/users\/1"}],"replies":[{"embeddable":true,"href":"https:\/\/martazbiblioteki.pl\/index.php\/wp-json\/wp\/v2\/comments?post=27"}],"version-history":[{"count":8,"href":"https:\/\/martazbiblioteki.pl\/index.php\/wp-json\/wp\/v2\/pages\/27\/revisions"}],"predecessor-version":[{"id":389,"href":"https:\/\/martazbiblioteki.pl\/index.php\/wp-json\/wp\/v2\/pages\/27\/revisions\/389"}],"wp:attachment":[{"href":"https:\/\/martazbiblioteki.pl\/index.php\/wp-json\/wp\/v2\/media?parent=27"}],"curies":[{"name":"wp","href":"https:\/\/api.w.org\/{rel}","templated":true}]}}